{"id":1524,"date":"2023-05-01T11:10:15","date_gmt":"2023-05-01T07:40:15","guid":{"rendered":"http:\/\/iritmag.ir\/it\/?page_id=1524"},"modified":"2023-05-29T11:34:53","modified_gmt":"2023-05-29T08:04:53","slug":"magazine-53","status":"publish","type":"page","link":"https:\/\/iritmag.ir\/it\/magazine-53\/","title":{"rendered":"magazine 53"},"content":{"rendered":"\t\t<div data-elementor-type=\"post\" data-elementor-id=\"1524\" class=\"elementor elementor-1524\" data-elementor-settings=\"[]\">\n\t\t\t<div class=\"elementor-inner\">\n\t\t\t\t<div class=\"elementor-section-wrap\">\n\t\t\t\t\t\t\t<section class=\"elementor-element elementor-element-e225a5f elementor-section-boxed elementor-section-height-default elementor-section-height-default elementor-section elementor-top-section\" data-id=\"e225a5f\" data-element_type=\"section\">\n\t\t\t\t\t\t<div class=\"elementor-container elementor-column-gap-default\">\n\t\t\t\t<div class=\"elementor-row\">\n\t\t\t\t<div class=\"aux-parallax-section elementor-element elementor-element-50b6c95 elementor-column elementor-col-100 elementor-top-column\" data-id=\"50b6c95\" data-element_type=\"column\">\n\t\t\t<div class=\"elementor-column-wrap  elementor-element-populated\">\n\t\t\t\t\t<div class=\"elementor-widget-wrap\">\n\t\t\t\t<div class=\"elementor-element elementor-element-c04164e elementor-widget elementor-widget-divider\" data-id=\"c04164e\" data-element_type=\"widget\" data-widget_type=\"divider.default\">\n\t\t\t\t<div class=\"elementor-widget-container\">\n\t\t\t\t\t<div class=\"elementor-divider\">\n\t\t\t<span class=\"elementor-divider-separator\"><\/span>\n\t\t<\/div>\n\t\t\t\t<\/div>\n\t\t\t\t<\/div>\n\t\t\t\t\t\t<\/div>\n\t\t\t<\/div>\n\t\t<\/div>\n\t\t\t\t\t\t<\/div>\n\t\t\t<\/div>\n\t\t<\/section>\n\t\t\t\t<section class=\"elementor-element elementor-element-f05d77f elementor-section-boxed elementor-section-height-default elementor-section-height-default elementor-section elementor-top-section\" data-id=\"f05d77f\" data-element_type=\"section\">\n\t\t\t\t\t\t<div class=\"elementor-container elementor-column-gap-default\">\n\t\t\t\t<div class=\"elementor-row\">\n\t\t\t\t<div class=\"aux-parallax-section elementor-element elementor-element-505f979 elementor-column elementor-col-100 elementor-top-column\" data-id=\"505f979\" data-element_type=\"column\">\n\t\t\t<div class=\"elementor-column-wrap  elementor-element-populated\">\n\t\t\t\t\t<div class=\"elementor-widget-wrap\">\n\t\t\t\t<div class=\"elementor-element elementor-element-d5bc52e elementor-widget elementor-widget-spacer\" data-id=\"d5bc52e\" data-element_type=\"widget\" data-widget_type=\"spacer.default\">\n\t\t\t\t<div class=\"elementor-widget-container\">\n\t\t\t\t\t<div class=\"elementor-spacer\">\n\t\t\t<div class=\"elementor-spacer-inner\"><\/div>\n\t\t<\/div>\n\t\t\t\t<\/div>\n\t\t\t\t<\/div>\n\t\t\t\t\t\t<\/div>\n\t\t\t<\/div>\n\t\t<\/div>\n\t\t\t\t\t\t<\/div>\n\t\t\t<\/div>\n\t\t<\/section>\n\t\t\t\t<section class=\"elementor-element elementor-element-94cb0f5 elementor-section-boxed elementor-section-height-default elementor-section-height-default elementor-section elementor-top-section\" data-id=\"94cb0f5\" data-element_type=\"section\">\n\t\t\t\t\t\t<div class=\"elementor-container elementor-column-gap-default\">\n\t\t\t\t<div class=\"elementor-row\">\n\t\t\t\t<div class=\"aux-parallax-section elementor-element elementor-element-0ee8b1d elementor-column elementor-col-100 elementor-top-column\" data-id=\"0ee8b1d\" data-element_type=\"column\">\n\t\t\t<div class=\"elementor-column-wrap  elementor-element-populated\">\n\t\t\t\t\t<div class=\"elementor-widget-wrap\">\n\t\t\t\t<div class=\"elementor-element elementor-element-812f7d4 elementor-widget elementor-widget-text-editor\" data-id=\"812f7d4\" data-element_type=\"widget\" data-widget_type=\"text-editor.default\">\n\t\t\t\t<div class=\"elementor-widget-container\">\n\t\t\t\t\t<div class=\"elementor-text-editor elementor-clearfix\"><div class=\"full-size 3d-flip-book \" data-id=\"1625\" data-mode=\"fullscreen\" data-title=\"false\" data-template=\"short-white-book-view\" data-lightbox=\"dark\" data-urlparam=\"fb3d-page\" data-page-n=\"0\" data-pdf=\"\" data-tax=\"null\" data-thumbnail=\"\" data-cols=\"3\"><\/div><\/div>\n\t\t\t\t<\/div>\n\t\t\t\t<\/div>\n\t\t\t\t\t\t<\/div>\n\t\t\t<\/div>\n\t\t<\/div>\n\t\t\t\t\t\t<\/div>\n\t\t\t<\/div>\n\t\t<\/section>\n\t\t\t\t<section class=\"elementor-element elementor-element-6f40a86 elementor-section-boxed elementor-section-height-default elementor-section-height-default elementor-section elementor-top-section\" data-id=\"6f40a86\" data-element_type=\"section\">\n\t\t\t\t\t\t<div class=\"elementor-container elementor-column-gap-default\">\n\t\t\t\t<div class=\"elementor-row\">\n\t\t\t\t<div class=\"aux-parallax-section elementor-element elementor-element-8b8f1f5 elementor-column elementor-col-100 elementor-top-column\" data-id=\"8b8f1f5\" data-element_type=\"column\">\n\t\t\t<div class=\"elementor-column-wrap  elementor-element-populated\">\n\t\t\t\t\t<div class=\"elementor-widget-wrap\">\n\t\t\t\t<div class=\"elementor-element elementor-element-b266a2a elementor-grid-3 elementor-grid-tablet-2 elementor-grid-mobile-1 elementor-posts--thumbnail-top elementor-widget elementor-widget-posts\" data-id=\"b266a2a\" data-element_type=\"widget\" data-settings=\"{&quot;classic_columns&quot;:&quot;3&quot;,&quot;classic_columns_tablet&quot;:&quot;2&quot;,&quot;classic_columns_mobile&quot;:&quot;1&quot;,&quot;classic_row_gap&quot;:{&quot;unit&quot;:&quot;px&quot;,&quot;size&quot;:35,&quot;sizes&quot;:[]}}\" data-widget_type=\"posts.classic\">\n\t\t\t\t<div class=\"elementor-widget-container\">\n\t\t\t\t\t<div class=\"elementor-posts-container elementor-posts elementor-grid elementor-posts--skin-classic\">\n\t\t\t\t<article class=\"elementor-post elementor-grid-item post-1527 post type-post status-publish format-standard has-post-thumbnail hentry category-magazine category-magazine53 tag-magazine53\">\n\t\t\t\t<a class=\"elementor-post__thumbnail__link\" href=\"https:\/\/iritmag.ir\/it\/magazine53-item4\/\">\n\t\t\t<div class=\"elementor-post__thumbnail\"><img width=\"822\" height=\"700\" src=\"https:\/\/iritmag.ir\/it\/wp-content\/uploads\/2022\/11\/cropped.jpg\" class=\"attachment-full size-full\" alt=\"\" loading=\"lazy\" \/><\/div>\n\t\t<\/a>\n\t\t\t\t<div class=\"elementor-post__text\">\n\t\t\t\t<h3 class=\"elementor-post__title\">\n\t\t\t<a href=\"https:\/\/iritmag.ir\/it\/magazine53-item4\/\">\n\t\t\t\tla parola di caporedattore\t\t\t<\/a>\n\t\t<\/h3>\n\t\t\t\t<div class=\"elementor-post__meta-data\">\n\t\t\t\t\t<span class=\"elementor-post-date\">\n\t\t\t29 May 2023\t\t<\/span>\n\t\t\t\t<span class=\"elementor-post-avatar\">\n\t\t\tNo Comments\t\t<\/span>\n\t\t\t\t<\/div>\n\t\t\t\t<div class=\"elementor-post__excerpt\">\n\t\t\t<p>L\u2019Industria del vetro Quando vogliamo presentare una persona sensibile e dal cuore fragile, diciamo che il suo cuore \u00e8 come il vetro. Quando vogliamo definire<\/p>\n\t\t<\/div>\n\t\t\t\t\t<a class=\"elementor-post__read-more\" href=\"https:\/\/iritmag.ir\/it\/magazine53-item4\/\">\n\t\t\t\tRead More \u00bb\t\t\t<\/a>\n\t\t\t\t<\/div>\n\t\t\t\t<\/article>\n\t\t\t\t<article class=\"elementor-post elementor-grid-item post-1531 post type-post status-publish format-standard has-post-thumbnail hentry category-magazine category-magazine53 tag-magazine53\">\n\t\t\t\t<a class=\"elementor-post__thumbnail__link\" href=\"https:\/\/iritmag.ir\/it\/magazine53-item5\/\">\n\t\t\t<div class=\"elementor-post__thumbnail\"><img width=\"756\" height=\"640\" src=\"https:\/\/iritmag.ir\/it\/wp-content\/uploads\/2023\/05\/01-j.jpg\" class=\"attachment-full size-full\" alt=\"\" loading=\"lazy\" \/><\/div>\n\t\t<\/a>\n\t\t\t\t<div class=\"elementor-post__text\">\n\t\t\t\t<h3 class=\"elementor-post__title\">\n\t\t\t<a href=\"https:\/\/iritmag.ir\/it\/magazine53-item5\/\">\n\t\t\t\tLa Visita dei Membri della Camera di Commercio Irano- Italiana dalla fabbrica  Delpazir (Kadbanu)\t\t\t<\/a>\n\t\t<\/h3>\n\t\t\t\t<div class=\"elementor-post__meta-data\">\n\t\t\t\t\t<span class=\"elementor-post-date\">\n\t\t\t29 May 2023\t\t<\/span>\n\t\t\t\t<span class=\"elementor-post-avatar\">\n\t\t\tNo Comments\t\t<\/span>\n\t\t\t\t<\/div>\n\t\t\t\t<div class=\"elementor-post__excerpt\">\n\t\t\t<p>La camera di commercio Irano- Italiana, secondo la sua missione, cerca sempre di creare una piattaforma adatta in un&#8217;atmosfera professionale e amichevole per comunicare tra<\/p>\n\t\t<\/div>\n\t\t\t\t\t<a class=\"elementor-post__read-more\" href=\"https:\/\/iritmag.ir\/it\/magazine53-item5\/\">\n\t\t\t\tRead More \u00bb\t\t\t<\/a>\n\t\t\t\t<\/div>\n\t\t\t\t<\/article>\n\t\t\t\t<article class=\"elementor-post elementor-grid-item post-1537 post type-post status-publish format-standard has-post-thumbnail hentry category-magazine category-magazine53 tag-magazine53\">\n\t\t\t\t<a class=\"elementor-post__thumbnail__link\" href=\"https:\/\/iritmag.ir\/it\/magazine53-item6\/\">\n\t\t\t<div class=\"elementor-post__thumbnail\"><img width=\"980\" height=\"607\" src=\"https:\/\/iritmag.ir\/it\/wp-content\/uploads\/2023\/05\/main.jpg\" class=\"attachment-full size-full\" alt=\"\" loading=\"lazy\" \/><\/div>\n\t\t<\/a>\n\t\t\t\t<div class=\"elementor-post__text\">\n\t\t\t\t<h3 class=\"elementor-post__title\">\n\t\t\t<a href=\"https:\/\/iritmag.ir\/it\/magazine53-item6\/\">\n\t\t\t\tLe emergenze dell\u2019industria del vetro\t\t\t<\/a>\n\t\t<\/h3>\n\t\t\t\t<div class=\"elementor-post__meta-data\">\n\t\t\t\t\t<span class=\"elementor-post-date\">\n\t\t\t29 May 2023\t\t<\/span>\n\t\t\t\t<span class=\"elementor-post-avatar\">\n\t\t\tNo Comments\t\t<\/span>\n\t\t\t\t<\/div>\n\t\t\t\t<div class=\"elementor-post__excerpt\">\n\t\t\t<p>Le urgenze per il settore del vetro sono sostanzialmente due: da un lato la necessit\u00e0 di ridurre il costo di approvvigionamento dei vettori energetici; dall\u2019altro<\/p>\n\t\t<\/div>\n\t\t\t\t\t<a class=\"elementor-post__read-more\" href=\"https:\/\/iritmag.ir\/it\/magazine53-item6\/\">\n\t\t\t\tRead More \u00bb\t\t\t<\/a>\n\t\t\t\t<\/div>\n\t\t\t\t<\/article>\n\t\t\t\t<article class=\"elementor-post elementor-grid-item post-1545 post type-post status-publish format-standard has-post-thumbnail hentry category-magazine category-magazine53 tag-magazine53\">\n\t\t\t\t<a class=\"elementor-post__thumbnail__link\" href=\"https:\/\/iritmag.ir\/it\/magazine53-item7\/\">\n\t\t\t<div class=\"elementor-post__thumbnail\"><img width=\"1037\" height=\"800\" src=\"https:\/\/iritmag.ir\/it\/wp-content\/uploads\/2023\/05\/main-1.jpg\" class=\"attachment-full size-full\" alt=\"\" loading=\"lazy\" \/><\/div>\n\t\t<\/a>\n\t\t\t\t<div class=\"elementor-post__text\">\n\t\t\t\t<h3 class=\"elementor-post__title\">\n\t\t\t<a href=\"https:\/\/iritmag.ir\/it\/magazine53-item7\/\">\n\t\t\t\tL&#8217;ARTE DEL VETRO A MURANO\t\t\t<\/a>\n\t\t<\/h3>\n\t\t\t\t<div class=\"elementor-post__meta-data\">\n\t\t\t\t\t<span class=\"elementor-post-date\">\n\t\t\t29 May 2023\t\t<\/span>\n\t\t\t\t<span class=\"elementor-post-avatar\">\n\t\t\tNo Comments\t\t<\/span>\n\t\t\t\t<\/div>\n\t\t\t\t<div class=\"elementor-post__excerpt\">\n\t\t\t<p>L&#8217;ARTE DEL VETRO A MURANO Guardando la laguna di Venezia, in una giornata tersa di primavera, verrebbe da pensare che il vetro abbia trovato a<\/p>\n\t\t<\/div>\n\t\t\t\t\t<a class=\"elementor-post__read-more\" href=\"https:\/\/iritmag.ir\/it\/magazine53-item7\/\">\n\t\t\t\tRead More \u00bb\t\t\t<\/a>\n\t\t\t\t<\/div>\n\t\t\t\t<\/article>\n\t\t\t\t<article class=\"elementor-post elementor-grid-item post-1556 post type-post status-publish format-standard has-post-thumbnail hentry category-magazine category-magazine53 tag-magazine53\">\n\t\t\t\t<a class=\"elementor-post__thumbnail__link\" href=\"https:\/\/iritmag.ir\/it\/magazine53-item8\/\">\n\t\t\t<div class=\"elementor-post__thumbnail\"><img width=\"714\" height=\"357\" src=\"https:\/\/iritmag.ir\/it\/wp-content\/uploads\/2023\/05\/main-2.jpg\" class=\"attachment-full size-full\" alt=\"\" loading=\"lazy\" \/><\/div>\n\t\t<\/a>\n\t\t\t\t<div class=\"elementor-post__text\">\n\t\t\t\t<h3 class=\"elementor-post__title\">\n\t\t\t<a href=\"https:\/\/iritmag.ir\/it\/magazine53-item8\/\">\n\t\t\t\tTutto sul riciclo del vetro\t\t\t<\/a>\n\t\t<\/h3>\n\t\t\t\t<div class=\"elementor-post__meta-data\">\n\t\t\t\t\t<span class=\"elementor-post-date\">\n\t\t\t29 May 2023\t\t<\/span>\n\t\t\t\t<span class=\"elementor-post-avatar\">\n\t\t\tNo Comments\t\t<\/span>\n\t\t\t\t<\/div>\n\t\t\t\t<div class=\"elementor-post__excerpt\">\n\t\t\t<p>Il vetro \u00e8 un materiale nobile, di grande storia &#8211; lo si usa da pi\u00f9 di 4.000 anni &#8211; e, soprattutto, dai molti usi. Tale<\/p>\n\t\t<\/div>\n\t\t\t\t\t<a class=\"elementor-post__read-more\" href=\"https:\/\/iritmag.ir\/it\/magazine53-item8\/\">\n\t\t\t\tRead More \u00bb\t\t\t<\/a>\n\t\t\t\t<\/div>\n\t\t\t\t<\/article>\n\t\t\t\t<article class=\"elementor-post elementor-grid-item post-1561 post type-post status-publish format-standard has-post-thumbnail hentry category-magazine category-magazine53 tag-magazine53\">\n\t\t\t\t<a class=\"elementor-post__thumbnail__link\" href=\"https:\/\/iritmag.ir\/it\/magazine53-item9\/\">\n\t\t\t<div class=\"elementor-post__thumbnail\"><img width=\"1200\" height=\"600\" src=\"https:\/\/iritmag.ir\/it\/wp-content\/uploads\/2023\/05\/main-3.jpg\" class=\"attachment-full size-full\" alt=\"\" loading=\"lazy\" \/><\/div>\n\t\t<\/a>\n\t\t\t\t<div class=\"elementor-post__text\">\n\t\t\t\t<h3 class=\"elementor-post__title\">\n\t\t\t<a href=\"https:\/\/iritmag.ir\/it\/magazine53-item9\/\">\n\t\t\t\t8 TIPI COMUNI DI VETRO \u2013 CARATTERISTICHE, APPLICAZIONI E POTENZIALIT\u00c0\t\t\t<\/a>\n\t\t<\/h3>\n\t\t\t\t<div class=\"elementor-post__meta-data\">\n\t\t\t\t\t<span class=\"elementor-post-date\">\n\t\t\t29 May 2023\t\t<\/span>\n\t\t\t\t<span class=\"elementor-post-avatar\">\n\t\t\tNo Comments\t\t<\/span>\n\t\t\t\t<\/div>\n\t\t\t\t<div class=\"elementor-post__excerpt\">\n\t\t\t<p>Il vetro \u00e8 un materiale unico e altamente versatile che pu\u00f2 essere progettato per avere specifiche propriet\u00e0 ottiche, termiche, chimiche e meccaniche. Grazie alle sue<\/p>\n\t\t<\/div>\n\t\t\t\t\t<a class=\"elementor-post__read-more\" href=\"https:\/\/iritmag.ir\/it\/magazine53-item9\/\">\n\t\t\t\tRead More \u00bb\t\t\t<\/a>\n\t\t\t\t<\/div>\n\t\t\t\t<\/article>\n\t\t\t\t<article class=\"elementor-post elementor-grid-item post-1571 post type-post status-publish format-standard has-post-thumbnail hentry category-magazine category-magazine53 tag-magazine53\">\n\t\t\t\t<a class=\"elementor-post__thumbnail__link\" href=\"https:\/\/iritmag.ir\/it\/magazine53-item10\/\">\n\t\t\t<div class=\"elementor-post__thumbnail\"><img width=\"745\" height=\"497\" src=\"https:\/\/iritmag.ir\/it\/wp-content\/uploads\/2023\/05\/main-4.jpg\" class=\"attachment-full size-full\" alt=\"\" loading=\"lazy\" \/><\/div>\n\t\t<\/a>\n\t\t\t\t<div class=\"elementor-post__text\">\n\t\t\t\t<h3 class=\"elementor-post__title\">\n\t\t\t<a href=\"https:\/\/iritmag.ir\/it\/magazine53-item10\/\">\n\t\t\t\tCome \u00e8 fatto il vetro laminato?\t\t\t<\/a>\n\t\t<\/h3>\n\t\t\t\t<div class=\"elementor-post__meta-data\">\n\t\t\t\t\t<span class=\"elementor-post-date\">\n\t\t\t29 May 2023\t\t<\/span>\n\t\t\t\t<span class=\"elementor-post-avatar\">\n\t\t\tNo Comments\t\t<\/span>\n\t\t\t\t<\/div>\n\t\t\t\t<div class=\"elementor-post__excerpt\">\n\t\t\t<p>Il vetro stratificato, detto anche composito o vetro di sicurezza, o vetro laminato (dall\u2019inglese \u201claminated glass\u201d) si ottiene unendo due o pi\u00f9 strati di vetro,<\/p>\n\t\t<\/div>\n\t\t\t\t\t<a class=\"elementor-post__read-more\" href=\"https:\/\/iritmag.ir\/it\/magazine53-item10\/\">\n\t\t\t\tRead More \u00bb\t\t\t<\/a>\n\t\t\t\t<\/div>\n\t\t\t\t<\/article>\n\t\t\t\t<article class=\"elementor-post elementor-grid-item post-1582 post type-post status-publish format-standard has-post-thumbnail hentry category-magazine category-magazine53 tag-magazine53\">\n\t\t\t\t<a class=\"elementor-post__thumbnail__link\" href=\"https:\/\/iritmag.ir\/it\/magazine53-item11\/\">\n\t\t\t<div class=\"elementor-post__thumbnail\"><img width=\"768\" height=\"870\" src=\"https:\/\/iritmag.ir\/it\/wp-content\/uploads\/2023\/05\/3.jpeg\" class=\"attachment-full size-full\" alt=\"\" loading=\"lazy\" \/><\/div>\n\t\t<\/a>\n\t\t\t\t<div class=\"elementor-post__text\">\n\t\t\t\t<h3 class=\"elementor-post__title\">\n\t\t\t<a href=\"https:\/\/iritmag.ir\/it\/magazine53-item11\/\">\n\t\t\t\tKhoresh Beh\t\t\t<\/a>\n\t\t<\/h3>\n\t\t\t\t<div class=\"elementor-post__meta-data\">\n\t\t\t\t\t<span class=\"elementor-post-date\">\n\t\t\t29 May 2023\t\t<\/span>\n\t\t\t\t<span class=\"elementor-post-avatar\">\n\t\t\tNo Comments\t\t<\/span>\n\t\t\t\t<\/div>\n\t\t\t\t<div class=\"elementor-post__excerpt\">\n\t\t\t<p>Pollo alle Mele Cotogne \u00a0 Ingredienti: Cosce e sopracosce di pollo 4 Oppure un pollo intero tagliato a sei pezzi Mele cotogne 2 Prugne secche<\/p>\n\t\t<\/div>\n\t\t\t\t\t<a class=\"elementor-post__read-more\" href=\"https:\/\/iritmag.ir\/it\/magazine53-item11\/\">\n\t\t\t\tRead More \u00bb\t\t\t<\/a>\n\t\t\t\t<\/div>\n\t\t\t\t<\/article>\n\t\t\t\t<article class=\"elementor-post elementor-grid-item post-1589 post type-post status-publish format-standard has-post-thumbnail hentry category-magazine category-magazine53 tag-magazine53\">\n\t\t\t\t<a class=\"elementor-post__thumbnail__link\" href=\"https:\/\/iritmag.ir\/it\/magazine53-item12\/\">\n\t\t\t<div class=\"elementor-post__thumbnail\"><img width=\"728\" height=\"683\" src=\"https:\/\/iritmag.ir\/it\/wp-content\/uploads\/2023\/05\/main-5.jpg\" class=\"attachment-full size-full\" alt=\"\" loading=\"lazy\" \/><\/div>\n\t\t<\/a>\n\t\t\t\t<div class=\"elementor-post__text\">\n\t\t\t\t<h3 class=\"elementor-post__title\">\n\t\t\t<a href=\"https:\/\/iritmag.ir\/it\/magazine53-item12\/\">\n\t\t\t\tNan-E Badami: biscotti alle mandorle per il capodanno persiano&#8230;\t\t\t<\/a>\n\t\t<\/h3>\n\t\t\t\t<div class=\"elementor-post__meta-data\">\n\t\t\t\t\t<span class=\"elementor-post-date\">\n\t\t\t29 May 2023\t\t<\/span>\n\t\t\t\t<span class=\"elementor-post-avatar\">\n\t\t\tNo Comments\t\t<\/span>\n\t\t\t\t<\/div>\n\t\t\t\t<div class=\"elementor-post__excerpt\">\n\t\t\t<p>Tra i dolci preparati per il Nowruz ci sono i Nan-E Badami letteralmente biscotti alla mandorle, profumati con acqua di rose e cardamomo. L\u2019acqua di<\/p>\n\t\t<\/div>\n\t\t\t\t\t<a class=\"elementor-post__read-more\" href=\"https:\/\/iritmag.ir\/it\/magazine53-item12\/\">\n\t\t\t\tRead More \u00bb\t\t\t<\/a>\n\t\t\t\t<\/div>\n\t\t\t\t<\/article>\n\t\t\t\t<article class=\"elementor-post elementor-grid-item post-1596 post type-post status-publish format-standard has-post-thumbnail hentry category-magazine category-magazine53 tag-magazine53\">\n\t\t\t\t<a class=\"elementor-post__thumbnail__link\" href=\"https:\/\/iritmag.ir\/it\/magazine53-item13\/\">\n\t\t\t<div class=\"elementor-post__thumbnail\"><img width=\"800\" height=\"557\" src=\"https:\/\/iritmag.ir\/it\/wp-content\/uploads\/2023\/05\/main-6.jpg\" class=\"attachment-full size-full\" alt=\"\" loading=\"lazy\" \/><\/div>\n\t\t<\/a>\n\t\t\t\t<div class=\"elementor-post__text\">\n\t\t\t\t<h3 class=\"elementor-post__title\">\n\t\t\t<a href=\"https:\/\/iritmag.ir\/it\/magazine53-item13\/\">\n\t\t\t\tLa Festa di Chahrshanbe Soori\t\t\t<\/a>\n\t\t<\/h3>\n\t\t\t\t<div class=\"elementor-post__meta-data\">\n\t\t\t\t\t<span class=\"elementor-post-date\">\n\t\t\t29 May 2023\t\t<\/span>\n\t\t\t\t<span class=\"elementor-post-avatar\">\n\t\t\tNo Comments\t\t<\/span>\n\t\t\t\t<\/div>\n\t\t\t\t<div class=\"elementor-post__excerpt\">\n\t\t\t<p>Il Chaharshanbe Soori \u00e8 una festa molto importante nella cultura persiana. Soor: vuol dire festa Chahr shanbe significa: Mercoledi Suri \u00e8 una variante di &#8220;sorkh&#8221;<\/p>\n\t\t<\/div>\n\t\t\t\t\t<a class=\"elementor-post__read-more\" href=\"https:\/\/iritmag.ir\/it\/magazine53-item13\/\">\n\t\t\t\tRead More \u00bb\t\t\t<\/a>\n\t\t\t\t<\/div>\n\t\t\t\t<\/article>\n\t\t\t\t<article class=\"elementor-post elementor-grid-item post-1605 post type-post status-publish format-standard has-post-thumbnail hentry category-magazine category-magazine53 tag-magazine53\">\n\t\t\t\t<a class=\"elementor-post__thumbnail__link\" href=\"https:\/\/iritmag.ir\/it\/magazine53-item14\/\">\n\t\t\t<div class=\"elementor-post__thumbnail\"><img width=\"600\" height=\"337\" src=\"https:\/\/iritmag.ir\/it\/wp-content\/uploads\/2023\/05\/main-7.jpg\" class=\"attachment-full size-full\" alt=\"\" loading=\"lazy\" \/><\/div>\n\t\t<\/a>\n\t\t\t\t<div class=\"elementor-post__text\">\n\t\t\t\t<h3 class=\"elementor-post__title\">\n\t\t\t<a href=\"https:\/\/iritmag.ir\/it\/magazine53-item14\/\">\n\t\t\t\tZANJAN\t\t\t<\/a>\n\t\t<\/h3>\n\t\t\t\t<div class=\"elementor-post__meta-data\">\n\t\t\t\t\t<span class=\"elementor-post-date\">\n\t\t\t29 May 2023\t\t<\/span>\n\t\t\t\t<span class=\"elementor-post-avatar\">\n\t\t\tNo Comments\t\t<\/span>\n\t\t\t\t<\/div>\n\t\t\t\t<div class=\"elementor-post__excerpt\">\n\t\t\t<p>Si trova nel nord-ovest dell\u2019Iran in una zona montuosa con un\u2019altezza di 1663 m. sopra il livello del mare.\u00a0 Zanjan \u00e8 il capoluogo della provincia<\/p>\n\t\t<\/div>\n\t\t\t\t\t<a class=\"elementor-post__read-more\" href=\"https:\/\/iritmag.ir\/it\/magazine53-item14\/\">\n\t\t\t\tRead More \u00bb\t\t\t<\/a>\n\t\t\t\t<\/div>\n\t\t\t\t<\/article>\n\t\t\t\t<article class=\"elementor-post elementor-grid-item post-1615 post type-post status-publish format-standard has-post-thumbnail hentry category-magazine category-magazine53 tag-magazine53\">\n\t\t\t\t<a class=\"elementor-post__thumbnail__link\" href=\"https:\/\/iritmag.ir\/it\/magazine53-item15\/\">\n\t\t\t<div class=\"elementor-post__thumbnail\"><img width=\"1000\" height=\"403\" src=\"https:\/\/iritmag.ir\/it\/wp-content\/uploads\/2020\/08\/statistics.jpg\" class=\"attachment-full size-full\" alt=\"Esporta e importa statistiche tra Iran e Italia\" loading=\"lazy\" \/><\/div>\n\t\t<\/a>\n\t\t\t\t<div class=\"elementor-post__text\">\n\t\t\t\t<h3 class=\"elementor-post__title\">\n\t\t\t<a href=\"https:\/\/iritmag.ir\/it\/magazine53-item15\/\">\n\t\t\t\tImport\t\t\t<\/a>\n\t\t<\/h3>\n\t\t\t\t<div class=\"elementor-post__meta-data\">\n\t\t\t\t\t<span class=\"elementor-post-date\">\n\t\t\t29 May 2023\t\t<\/span>\n\t\t\t\t<span class=\"elementor-post-avatar\">\n\t\t\tNo Comments\t\t<\/span>\n\t\t\t\t<\/div>\n\t\t\t\t<div class=\"elementor-post__excerpt\">\n\t\t\t\t\t<\/div>\n\t\t\t\t\t<a class=\"elementor-post__read-more\" href=\"https:\/\/iritmag.ir\/it\/magazine53-item15\/\">\n\t\t\t\tRead More \u00bb\t\t\t<\/a>\n\t\t\t\t<\/div>\n\t\t\t\t<\/article>\n\t\t\t\t<article class=\"elementor-post elementor-grid-item post-1621 post type-post status-publish format-standard has-post-thumbnail hentry category-magazine category-magazine53 tag-magazine53\">\n\t\t\t\t<a class=\"elementor-post__thumbnail__link\" href=\"https:\/\/iritmag.ir\/it\/magazine53-item16\/\">\n\t\t\t<div class=\"elementor-post__thumbnail\"><img width=\"1000\" height=\"403\" src=\"https:\/\/iritmag.ir\/it\/wp-content\/uploads\/2020\/08\/statistics.jpg\" class=\"attachment-full size-full\" alt=\"Esporta e importa statistiche tra Iran e Italia\" loading=\"lazy\" \/><\/div>\n\t\t<\/a>\n\t\t\t\t<div class=\"elementor-post__text\">\n\t\t\t\t<h3 class=\"elementor-post__title\">\n\t\t\t<a href=\"https:\/\/iritmag.ir\/it\/magazine53-item16\/\">\n\t\t\t\tExport\t\t\t<\/a>\n\t\t<\/h3>\n\t\t\t\t<div class=\"elementor-post__meta-data\">\n\t\t\t\t\t<span class=\"elementor-post-date\">\n\t\t\t29 May 2023\t\t<\/span>\n\t\t\t\t<span class=\"elementor-post-avatar\">\n\t\t\tNo Comments\t\t<\/span>\n\t\t\t\t<\/div>\n\t\t\t\t<div class=\"elementor-post__excerpt\">\n\t\t\t\t\t<\/div>\n\t\t\t\t\t<a class=\"elementor-post__read-more\" href=\"https:\/\/iritmag.ir\/it\/magazine53-item16\/\">\n\t\t\t\tRead More \u00bb\t\t\t<\/a>\n\t\t\t\t<\/div>\n\t\t\t\t<\/article>\n\t\t\t\t<\/div>\n\t\t\t\t<\/div>\n\t\t\t\t<\/div>\n\t\t\t\t\t\t<\/div>\n\t\t\t<\/div>\n\t\t<\/div>\n\t\t\t\t\t\t<\/div>\n\t\t\t<\/div>\n\t\t<\/section>\n\t\t\t\t\t\t<\/div>\n\t\t\t<\/div>\n\t\t<\/div>\n\t\t","protected":false},"excerpt":{"rendered":"","protected":false},"author":3,"featured_media":0,"parent":0,"menu_order":0,"comment_status":"closed","ping_status":"closed","template":"","meta":[],"_links":{"self":[{"href":"https:\/\/iritmag.ir\/it\/wp-json\/wp\/v2\/pages\/1524"}],"collection":[{"href":"https:\/\/iritmag.ir\/it\/wp-json\/wp\/v2\/pages"}],"about":[{"href":"https:\/\/iritmag.ir\/it\/wp-json\/wp\/v2\/types\/page"}],"author":[{"embeddable":true,"href":"https:\/\/iritmag.ir\/it\/wp-json\/wp\/v2\/users\/3"}],"replies":[{"embeddable":true,"href":"https:\/\/iritmag.ir\/it\/wp-json\/wp\/v2\/comments?post=1524"}],"version-history":[{"count":3,"href":"https:\/\/iritmag.ir\/it\/wp-json\/wp\/v2\/pages\/1524\/revisions"}],"predecessor-version":[{"id":1627,"href":"https:\/\/iritmag.ir\/it\/wp-json\/wp\/v2\/pages\/1524\/revisions\/1627"}],"wp:attachment":[{"href":"https:\/\/iritmag.ir\/it\/wp-json\/wp\/v2\/media?parent=1524"}],"curies":[{"name":"wp","href":"https:\/\/api.w.org\/{rel}","templated":true}]}}